{"id":12278,"date":"2022-11-10T10:53:27","date_gmt":"2022-11-10T09:53:27","guid":{"rendered":"https:\/\/lack.be-ge.se\/?page_id=12278"},"modified":"2026-02-04T10:00:29","modified_gmt":"2026-02-04T09:00:29","slug":"kvalitet","status":"publish","type":"page","link":"https:\/\/lack.be-ge.se\/en\/kvalitet\/","title":{"rendered":"Quality"},"content":{"rendered":"<div data-elementor-type=\"wp-page\" data-elementor-id=\"12278\" class=\"elementor elementor-12278\" data-elementor-post-type=\"page\">\n\t\t\t\t\t\t<section class=\"elementor-section elementor-top-section elementor-element elementor-element-50a8207a elementor-section-boxed elementor-section-height-default elementor-section-height-default\" data-id=\"50a8207a\" data-element_type=\"section\" data-e-type=\"section\">\n\t\t\t\t\t\t<div class=\"elementor-container elementor-column-gap-default\">\n\t\t\t\t\t<div class=\"elementor-column elementor-col-50 elementor-top-column elementor-element elementor-element-60c78844\" data-id=\"60c78844\" data-element_type=\"column\" data-e-type=\"column\">\n\t\t\t<div class=\"elementor-widget-wrap elementor-element-populated\">\n\t\t\t\t\t\t<div class=\"elementor-element elementor-element-5b29bd19 elementor-widget elementor-widget-heading\" data-id=\"5b29bd19\" data-element_type=\"widget\" data-e-type=\"widget\" data-widget_type=\"heading.default\">\n\t\t\t\t<div class=\"elementor-widget-container\">\n\t\t\t\t\t<h1 class=\"elementor-heading-title elementor-size-large\">Quality<\/h1>\t\t\t\t<\/div>\n\t\t\t\t<\/div>\n\t\t\t\t\t<\/div>\n\t\t<\/div>\n\t\t\t\t<div class=\"elementor-column elementor-col-50 elementor-top-column elementor-element elementor-element-55cd935f\" data-id=\"55cd935f\" data-element_type=\"column\" data-e-type=\"column\">\n\t\t\t<div class=\"elementor-widget-wrap elementor-element-populated\">\n\t\t\t\t\t\t<div class=\"elementor-element elementor-element-36fee696 elementor-widget elementor-widget-text-editor\" data-id=\"36fee696\" data-element_type=\"widget\" data-e-type=\"widget\" data-widget_type=\"text-editor.default\">\n\t\t\t\t<div class=\"elementor-widget-container\">\n\t\t\t\t\t\t\t\t\t<p><strong>Be-Ge Lackering AB\u00a0<\/strong>has long experience and continuous training of employees that provides high quality of work performed that leads to satisfied customers. The company in the Industrial painting is certified according to the MRF VU, which means that the quality of work is measured against set targets.<\/p>\t\t\t\t\t\t\t\t<\/div>\n\t\t\t\t<\/div>\n\t\t\t\t\t<\/div>\n\t\t<\/div>\n\t\t\t\t\t<\/div>\n\t\t<\/section>\n\t\t\t\t<section class=\"elementor-section elementor-top-section elementor-element elementor-element-4ca19aec elementor-section-full_width elementor-section-height-min-height elementor-section-height-default elementor-section-items-middle\" data-id=\"4ca19aec\" data-element_type=\"section\" data-e-type=\"section\" data-settings=\"{&quot;background_background&quot;:&quot;classic&quot;}\">\n\t\t\t\t\t\t\t<div class=\"elementor-background-overlay\"><\/div>\n\t\t\t\t\t\t\t<div class=\"elementor-container elementor-column-gap-default\">\n\t\t\t\t\t<div class=\"elementor-column elementor-col-100 elementor-top-column elementor-element elementor-element-264d85c0\" data-id=\"264d85c0\" data-element_type=\"column\" data-e-type=\"column\">\n\t\t\t<div class=\"elementor-widget-wrap elementor-element-populated\">\n\t\t\t\t\t\t<section class=\"elementor-section elementor-inner-section elementor-element elementor-element-65a5a412 elementor-section-boxed elementor-section-height-default elementor-section-height-default\" data-id=\"65a5a412\" data-element_type=\"section\" data-e-type=\"section\">\n\t\t\t\t\t\t<div class=\"elementor-container elementor-column-gap-default\">\n\t\t\t\t\t<div class=\"elementor-column elementor-col-100 elementor-inner-column elementor-element elementor-element-ad78537\" data-id=\"ad78537\" data-element_type=\"column\" data-e-type=\"column\">\n\t\t\t<div class=\"elementor-widget-wrap elementor-element-populated\">\n\t\t\t\t\t\t\t<\/div>\n\t\t<\/div>\n\t\t\t\t\t<\/div>\n\t\t<\/section>\n\t\t\t\t\t<\/div>\n\t\t<\/div>\n\t\t\t\t\t<\/div>\n\t\t<\/section>\n\t\t\t\t<section class=\"elementor-section elementor-top-section elementor-element elementor-element-48610792 elementor-section-boxed elementor-section-height-default elementor-section-height-default\" data-id=\"48610792\" data-element_type=\"section\" data-e-type=\"section\">\n\t\t\t\t\t\t<div class=\"elementor-container elementor-column-gap-default\">\n\t\t\t\t\t<div class=\"elementor-column elementor-col-33 elementor-top-column elementor-element elementor-element-e52055f\" data-id=\"e52055f\" data-element_type=\"column\" data-e-type=\"column\">\n\t\t\t<div class=\"elementor-widget-wrap elementor-element-populated\">\n\t\t\t\t\t\t<div class=\"elementor-element elementor-element-c1fbc19 elementor-widget elementor-widget-image\" data-id=\"c1fbc19\" data-element_type=\"widget\" data-e-type=\"widget\" data-widget_type=\"image.default\">\n\t\t\t\t<div class=\"elementor-widget-container\">\n\t\t\t\t\t\t\t\t\t\t\t\t\t\t\t<img decoding=\"async\" width=\"100\" height=\"123\" src=\"https:\/\/lack.be-ge.se\/wp-content\/uploads\/2023\/01\/ISO-9001_2015__.jpg\" class=\"attachment-large size-large wp-image-13797\" alt=\"\" srcset=\"https:\/\/lack.be-ge.se\/wp-content\/uploads\/2023\/01\/ISO-9001_2015__.jpg 100w, https:\/\/lack.be-ge.se\/wp-content\/uploads\/2023\/01\/ISO-9001_2015__-10x12.jpg 10w\" sizes=\"(max-width: 100px) 100vw, 100px\" \/>\t\t\t\t\t\t\t\t\t\t\t\t\t\t\t<\/div>\n\t\t\t\t<\/div>\n\t\t\t\t<div class=\"elementor-element elementor-element-132838d elementor-widget elementor-widget-text-editor\" data-id=\"132838d\" data-element_type=\"widget\" data-e-type=\"widget\" data-widget_type=\"text-editor.default\">\n\t\t\t\t<div class=\"elementor-widget-container\">\n\t\t\t\t\t\t\t\t\t<p><strong>Be-Ge Lackering AB<\/strong><br \/>is certified according<br \/>SS-EN ISO 9001:2015.<br \/><a href=\"http:\/\/media.be-ge.se\/?r=2529\" target=\"_blank\" rel=\"noopener noreferrer\"><u>Click here to download PDF<\/u><\/a><\/p>\t\t\t\t\t\t\t\t<\/div>\n\t\t\t\t<\/div>\n\t\t\t\t\t<\/div>\n\t\t<\/div>\n\t\t\t\t<div class=\"elementor-column elementor-col-33 elementor-top-column elementor-element elementor-element-a0d35e0\" data-id=\"a0d35e0\" data-element_type=\"column\" data-e-type=\"column\">\n\t\t\t<div class=\"elementor-widget-wrap elementor-element-populated\">\n\t\t\t\t\t\t<div class=\"elementor-element elementor-element-0f02c7c elementor-widget elementor-widget-image\" data-id=\"0f02c7c\" data-element_type=\"widget\" data-e-type=\"widget\" data-widget_type=\"image.default\">\n\t\t\t\t<div class=\"elementor-widget-container\">\n\t\t\t\t\t\t\t\t\t\t\t\t<figure class=\"wp-caption\">\n\t\t\t\t\t\t\t\t\t\t<img decoding=\"async\" src=\"https:\/\/lack.be-ge.se\/wp-content\/uploads\/elementor\/thumbs\/DEKRA-kontrollerad_logga-qxwsji9bo1nu3jhr5g9r786xt7o93s3t4c4r4cyvvs.png\" title=\"Kvalitetsverkstad, skadeverkstad\" alt=\"Kvalitetsverkstad, skadeverkstad\" loading=\"lazy\" \/>\t\t\t\t\t\t\t\t\t\t\t<figcaption class=\"widget-image-caption wp-caption-text\"><\/figcaption>\n\t\t\t\t\t\t\t\t\t\t<\/figure>\n\t\t\t\t\t\t\t\t\t<\/div>\n\t\t\t\t<\/div>\n\t\t\t\t<div class=\"elementor-element elementor-element-d00e6ef elementor-widget elementor-widget-text-editor\" data-id=\"d00e6ef\" data-element_type=\"widget\" data-e-type=\"widget\" data-widget_type=\"text-editor.default\">\n\t\t\t\t<div class=\"elementor-widget-container\">\n\t\t\t\t\t\t\t\t\t<p><strong>Be-Ge Lackering AB<\/strong><br \/>is a quality-assured repair shop.<br \/><a href=\"https:\/\/media.be-ge.se\/?r=15358\" target=\"_blank\" rel=\"noopener noreferrer\"><u>Click here to download PDF<\/u><\/a><\/p>\t\t\t\t\t\t\t\t<\/div>\n\t\t\t\t<\/div>\n\t\t\t\t\t<\/div>\n\t\t<\/div>\n\t\t\t\t<div class=\"elementor-column elementor-col-33 elementor-top-column elementor-element elementor-element-309293e5\" data-id=\"309293e5\" data-element_type=\"column\" data-e-type=\"column\" data-settings=\"{&quot;background_background&quot;:&quot;classic&quot;}\">\n\t\t\t<div class=\"elementor-widget-wrap elementor-element-populated\">\n\t\t\t\t\t\t<div class=\"elementor-element elementor-element-7deac88 elementor-hidden-desktop elementor-hidden-tablet elementor-widget-divider--view-line elementor-widget elementor-widget-divider\" data-id=\"7deac88\" data-element_type=\"widget\" data-e-type=\"widget\" data-widget_type=\"divider.default\">\n\t\t\t\t<div class=\"elementor-widget-container\">\n\t\t\t\t\t\t\t<div class=\"elementor-divider\">\n\t\t\t<span class=\"elementor-divider-separator\">\n\t\t\t\t\t\t<\/span>\n\t\t<\/div>\n\t\t\t\t\t\t<\/div>\n\t\t\t\t<\/div>\n\t\t\t\t<div class=\"elementor-element elementor-element-5793be1c elementor-widget elementor-widget-heading\" data-id=\"5793be1c\" data-element_type=\"widget\" data-e-type=\"widget\" data-widget_type=\"heading.default\">\n\t\t\t\t<div class=\"elementor-widget-container\">\n\t\t\t\t\t<h2 class=\"elementor-heading-title elementor-size-large\">Continual adjustments<\/h2>\t\t\t\t<\/div>\n\t\t\t\t<\/div>\n\t\t\t\t<div class=\"elementor-element elementor-element-20b08a8 elementor-widget elementor-widget-text-editor\" data-id=\"20b08a8\" data-element_type=\"widget\" data-e-type=\"widget\" data-widget_type=\"text-editor.default\">\n\t\t\t\t<div class=\"elementor-widget-container\">\n\t\t\t\t\t\t\t\t\t<p>We are actively working with continuous improvements and preventive measures. In this way we increase our delivery safety and also the safety of the customer.<\/p>\t\t\t\t\t\t\t\t<\/div>\n\t\t\t\t<\/div>\n\t\t\t\t\t<\/div>\n\t\t<\/div>\n\t\t\t\t\t<\/div>\n\t\t<\/section>\n\t\t\t\t<\/div>","protected":false},"excerpt":{"rendered":"<p>Kvalitet Be-Ge Lackering AB\u00a0har l\u00e5ng erfarenhet och kontinuerlig utbildning av medarbetare ger h\u00f6g kvalitet p\u00e5 utf\u00f6rda arbeten och d\u00e4rmed n\u00f6jda kunder. F\u00f6retaget \u00e4r certifierat enligt MRF VU, vilket inneb\u00e4r att arbetets kvalitet m\u00e4ts mot fastst\u00e4llda m\u00e5l. Be-Ge Lackering AB\u00e4r certifierade enligtSS-EN ISO 9001:2015.Klicka h\u00e4r f\u00f6r att ladda ner pdf Be-Ge Lackering AB\u00e4r en kvalitetss\u00e4krad skadeverkstad.Klicka [&hellip;]<\/p>\n","protected":false},"author":15,"featured_media":0,"parent":0,"menu_order":0,"comment_status":"closed","ping_status":"closed","template":"","meta":{"_acf_changed":false,"footnotes":""},"class_list":["post-12278","page","type-page","status-publish","hentry"],"acf":[],"_links":{"self":[{"href":"https:\/\/lack.be-ge.se\/en\/wp-json\/wp\/v2\/pages\/12278","targetHints":{"allow":["GET"]}}],"collection":[{"href":"https:\/\/lack.be-ge.se\/en\/wp-json\/wp\/v2\/pages"}],"about":[{"href":"https:\/\/lack.be-ge.se\/en\/wp-json\/wp\/v2\/types\/page"}],"author":[{"embeddable":true,"href":"https:\/\/lack.be-ge.se\/en\/wp-json\/wp\/v2\/users\/15"}],"replies":[{"embeddable":true,"href":"https:\/\/lack.be-ge.se\/en\/wp-json\/wp\/v2\/comments?post=12278"}],"version-history":[{"count":3,"href":"https:\/\/lack.be-ge.se\/en\/wp-json\/wp\/v2\/pages\/12278\/revisions"}],"predecessor-version":[{"id":14464,"href":"https:\/\/lack.be-ge.se\/en\/wp-json\/wp\/v2\/pages\/12278\/revisions\/14464"}],"wp:attachment":[{"href":"https:\/\/lack.be-ge.se\/en\/wp-json\/wp\/v2\/media?parent=12278"}],"curies":[{"name":"wp","href":"https:\/\/api.w.org\/{rel}","templated":true}]}}