{"id":12281,"date":"2022-11-10T10:53:55","date_gmt":"2022-11-10T09:53:55","guid":{"rendered":"https:\/\/lack.be-ge.se\/?page_id=12281"},"modified":"2026-02-04T10:02:52","modified_gmt":"2026-02-04T09:02:52","slug":"miljo","status":"publish","type":"page","link":"https:\/\/lack.be-ge.se\/en\/miljo\/","title":{"rendered":"Environment"},"content":{"rendered":"<div data-elementor-type=\"wp-page\" data-elementor-id=\"12281\" class=\"elementor elementor-12281\" data-elementor-post-type=\"page\">\n\t\t\t\t\t\t<section class=\"elementor-section elementor-top-section elementor-element elementor-element-11b8f76f elementor-section-boxed elementor-section-height-default elementor-section-height-default\" data-id=\"11b8f76f\" data-element_type=\"section\" data-e-type=\"section\">\n\t\t\t\t\t\t<div class=\"elementor-container elementor-column-gap-default\">\n\t\t\t\t\t<div class=\"elementor-column elementor-col-50 elementor-top-column elementor-element elementor-element-4f7aa0f6\" data-id=\"4f7aa0f6\" data-element_type=\"column\" data-e-type=\"column\">\n\t\t\t<div class=\"elementor-widget-wrap elementor-element-populated\">\n\t\t\t\t\t\t<div class=\"elementor-element elementor-element-741546ae elementor-widget elementor-widget-heading\" data-id=\"741546ae\" data-element_type=\"widget\" data-e-type=\"widget\" data-widget_type=\"heading.default\">\n\t\t\t\t<div class=\"elementor-widget-container\">\n\t\t\t\t\t<h1 class=\"elementor-heading-title elementor-size-large\">Environment<\/h1>\t\t\t\t<\/div>\n\t\t\t\t<\/div>\n\t\t\t\t\t<\/div>\n\t\t<\/div>\n\t\t\t\t<div class=\"elementor-column elementor-col-50 elementor-top-column elementor-element elementor-element-47f12d12\" data-id=\"47f12d12\" data-element_type=\"column\" data-e-type=\"column\">\n\t\t\t<div class=\"elementor-widget-wrap elementor-element-populated\">\n\t\t\t\t\t\t<div class=\"elementor-element elementor-element-4ca97c36 elementor-widget elementor-widget-text-editor\" data-id=\"4ca97c36\" data-element_type=\"widget\" data-e-type=\"widget\" data-widget_type=\"text-editor.default\">\n\t\t\t\t<div class=\"elementor-widget-container\">\n\t\t\t\t\t\t\t\t\t<p><strong>Be-Ge Lackering AB<\/strong>\u00a0follows the environmental work that must be both purposeful and long term and aim toward minimizing emissions which have a negative impact on the environment around us. The work on continuous improvements will lead to reduced load on the environment.<\/p>\t\t\t\t\t\t\t\t<\/div>\n\t\t\t\t<\/div>\n\t\t\t\t\t<\/div>\n\t\t<\/div>\n\t\t\t\t\t<\/div>\n\t\t<\/section>\n\t\t\t\t<section class=\"elementor-section elementor-top-section elementor-element elementor-element-155f1263 elementor-section-full_width elementor-section-height-min-height elementor-section-height-default elementor-section-items-middle\" data-id=\"155f1263\" data-element_type=\"section\" data-e-type=\"section\" data-settings=\"{&quot;background_background&quot;:&quot;classic&quot;}\">\n\t\t\t\t\t\t\t<div class=\"elementor-background-overlay\"><\/div>\n\t\t\t\t\t\t\t<div class=\"elementor-container elementor-column-gap-default\">\n\t\t\t\t\t<div class=\"elementor-column elementor-col-100 elementor-top-column elementor-element elementor-element-69028ece\" data-id=\"69028ece\" data-element_type=\"column\" data-e-type=\"column\">\n\t\t\t<div class=\"elementor-widget-wrap elementor-element-populated\">\n\t\t\t\t\t\t<section class=\"elementor-section elementor-inner-section elementor-element elementor-element-e3dfa0d elementor-section-boxed elementor-section-height-default elementor-section-height-default\" data-id=\"e3dfa0d\" data-element_type=\"section\" data-e-type=\"section\">\n\t\t\t\t\t\t<div class=\"elementor-container elementor-column-gap-default\">\n\t\t\t\t\t<div class=\"elementor-column elementor-col-100 elementor-inner-column elementor-element elementor-element-2dbd9984\" data-id=\"2dbd9984\" data-element_type=\"column\" data-e-type=\"column\">\n\t\t\t<div class=\"elementor-widget-wrap elementor-element-populated\">\n\t\t\t\t\t\t\t<\/div>\n\t\t<\/div>\n\t\t\t\t\t<\/div>\n\t\t<\/section>\n\t\t\t\t\t<\/div>\n\t\t<\/div>\n\t\t\t\t\t<\/div>\n\t\t<\/section>\n\t\t\t\t<section class=\"elementor-section elementor-top-section elementor-element elementor-element-40a1d47c elementor-section-boxed elementor-section-height-default elementor-section-height-default\" data-id=\"40a1d47c\" data-element_type=\"section\" data-e-type=\"section\" data-settings=\"{&quot;background_background&quot;:&quot;classic&quot;}\">\n\t\t\t\t\t\t<div class=\"elementor-container elementor-column-gap-default\">\n\t\t\t\t\t<div class=\"elementor-column elementor-col-50 elementor-top-column elementor-element elementor-element-63cd8c09\" data-id=\"63cd8c09\" data-element_type=\"column\" data-e-type=\"column\" data-settings=\"{&quot;background_background&quot;:&quot;classic&quot;}\">\n\t\t\t<div class=\"elementor-widget-wrap elementor-element-populated\">\n\t\t\t\t\t\t<div class=\"elementor-element elementor-element-6314ec5 elementor-widget elementor-widget-image\" data-id=\"6314ec5\" data-element_type=\"widget\" data-e-type=\"widget\" data-widget_type=\"image.default\">\n\t\t\t\t<div class=\"elementor-widget-container\">\n\t\t\t\t\t\t\t\t\t\t\t\t\t\t\t<img fetchpriority=\"high\" decoding=\"async\" width=\"800\" height=\"528\" src=\"https:\/\/lack.be-ge.se\/wp-content\/uploads\/2024\/02\/DSC_0013_-1024x676.webp\" class=\"attachment-large size-large wp-image-14054\" alt=\"DELIT-systemet, d v s. Just in time-leveranser, kan utf\u00f6ras.\" srcset=\"https:\/\/lack.be-ge.se\/wp-content\/uploads\/2024\/02\/DSC_0013_-1024x676.webp 1024w, https:\/\/lack.be-ge.se\/wp-content\/uploads\/2024\/02\/DSC_0013_-300x198.webp 300w, https:\/\/lack.be-ge.se\/wp-content\/uploads\/2024\/02\/DSC_0013_-768x507.webp 768w, https:\/\/lack.be-ge.se\/wp-content\/uploads\/2024\/02\/DSC_0013_-18x12.webp 18w, https:\/\/lack.be-ge.se\/wp-content\/uploads\/2024\/02\/DSC_0013_.webp 1200w\" sizes=\"(max-width: 800px) 100vw, 800px\" \/>\t\t\t\t\t\t\t\t\t\t\t\t\t\t\t<\/div>\n\t\t\t\t<\/div>\n\t\t\t\t<div class=\"elementor-element elementor-element-c27bd41 elementor-widget elementor-widget-heading\" data-id=\"c27bd41\" data-element_type=\"widget\" data-e-type=\"widget\" data-widget_type=\"heading.default\">\n\t\t\t\t<div class=\"elementor-widget-container\">\n\t\t\t\t\t<h2 class=\"elementor-heading-title elementor-size-large\">New environmental requirements<\/h2>\t\t\t\t<\/div>\n\t\t\t\t<\/div>\n\t\t\t\t<div class=\"elementor-element elementor-element-1ebd361 elementor-widget elementor-widget-text-editor\" data-id=\"1ebd361\" data-element_type=\"widget\" data-e-type=\"widget\" data-widget_type=\"text-editor.default\">\n\t\t\t\t<div class=\"elementor-widget-container\">\n\t\t\t\t\t\t\t\t\t<p>The new environmental requirements that applied to EU 2007, has not led to any action from us, since both production and choice of products already are adapted to the new requirements.<\/p>\t\t\t\t\t\t\t\t<\/div>\n\t\t\t\t<\/div>\n\t\t\t\t\t<\/div>\n\t\t<\/div>\n\t\t\t\t<div class=\"elementor-column elementor-col-50 elementor-top-column elementor-element elementor-element-c472e60\" data-id=\"c472e60\" data-element_type=\"column\" data-e-type=\"column\" data-settings=\"{&quot;background_background&quot;:&quot;classic&quot;}\">\n\t\t\t<div class=\"elementor-widget-wrap elementor-element-populated\">\n\t\t\t\t\t\t<div class=\"elementor-element elementor-element-0917c86 elementor-widget elementor-widget-image\" data-id=\"0917c86\" data-element_type=\"widget\" data-e-type=\"widget\" data-widget_type=\"image.default\">\n\t\t\t\t<div class=\"elementor-widget-container\">\n\t\t\t\t\t\t\t\t\t\t\t\t\t\t\t<img decoding=\"async\" width=\"800\" height=\"534\" src=\"https:\/\/lack.be-ge.se\/wp-content\/uploads\/2024\/02\/DSC_0299-scaled-1-1024x683.webp\" class=\"attachment-large size-large wp-image-14055\" alt=\"DELIT-systemet, d v s. Just in time-leveranser, kan utf\u00f6ras.\" srcset=\"https:\/\/lack.be-ge.se\/wp-content\/uploads\/2024\/02\/DSC_0299-scaled-1-1024x683.webp 1024w, https:\/\/lack.be-ge.se\/wp-content\/uploads\/2024\/02\/DSC_0299-scaled-1-300x200.webp 300w, https:\/\/lack.be-ge.se\/wp-content\/uploads\/2024\/02\/DSC_0299-scaled-1-768x512.webp 768w, https:\/\/lack.be-ge.se\/wp-content\/uploads\/2024\/02\/DSC_0299-scaled-1-1536x1024.webp 1536w, https:\/\/lack.be-ge.se\/wp-content\/uploads\/2024\/02\/DSC_0299-scaled-1-2048x1366.webp 2048w, https:\/\/lack.be-ge.se\/wp-content\/uploads\/2024\/02\/DSC_0299-scaled-1-18x12.webp 18w\" sizes=\"(max-width: 800px) 100vw, 800px\" \/>\t\t\t\t\t\t\t\t\t\t\t\t\t\t\t<\/div>\n\t\t\t\t<\/div>\n\t\t\t\t<div class=\"elementor-element elementor-element-38b9b56 elementor-widget elementor-widget-heading\" data-id=\"38b9b56\" data-element_type=\"widget\" data-e-type=\"widget\" data-widget_type=\"heading.default\">\n\t\t\t\t<div class=\"elementor-widget-container\">\n\t\t\t\t\t<h2 class=\"elementor-heading-title elementor-size-large\">Recycling<\/h2>\t\t\t\t<\/div>\n\t\t\t\t<\/div>\n\t\t\t\t<div class=\"elementor-element elementor-element-d708187 elementor-widget elementor-widget-text-editor\" data-id=\"d708187\" data-element_type=\"widget\" data-e-type=\"widget\" data-widget_type=\"text-editor.default\">\n\t\t\t\t<div class=\"elementor-widget-container\">\n\t\t\t\t\t\t\t\t\t<p>All contaminated and used solvent is recycled in our two facilities.<\/p>\t\t\t\t\t\t\t\t<\/div>\n\t\t\t\t<\/div>\n\t\t\t\t\t<\/div>\n\t\t<\/div>\n\t\t\t\t\t<\/div>\n\t\t<\/section>\n\t\t\t\t<section class=\"elementor-section elementor-top-section elementor-element elementor-element-25fe2fc elementor-section-boxed elementor-section-height-default elementor-section-height-default\" data-id=\"25fe2fc\" data-element_type=\"section\" data-e-type=\"section\" data-settings=\"{&quot;background_background&quot;:&quot;classic&quot;}\">\n\t\t\t\t\t\t<div class=\"elementor-container elementor-column-gap-default\">\n\t\t\t\t\t<div class=\"elementor-column elementor-col-100 elementor-top-column elementor-element elementor-element-be4de35\" data-id=\"be4de35\" data-element_type=\"column\" data-e-type=\"column\" data-settings=\"{&quot;background_background&quot;:&quot;classic&quot;}\">\n\t\t\t<div class=\"elementor-widget-wrap elementor-element-populated\">\n\t\t\t\t\t\t<div class=\"elementor-element elementor-element-c661614 elementor-widget elementor-widget-heading\" data-id=\"c661614\" data-element_type=\"widget\" data-e-type=\"widget\" data-widget_type=\"heading.default\">\n\t\t\t\t<div class=\"elementor-widget-container\">\n\t\t\t\t\t<h2 class=\"elementor-heading-title elementor-size-default\">We buy 100% renewable electricity.<\/h2>\t\t\t\t<\/div>\n\t\t\t\t<\/div>\n\t\t\t\t<div class=\"elementor-element elementor-element-9d9f0f0 elementor-widget elementor-widget-text-editor\" data-id=\"9d9f0f0\" data-element_type=\"widget\" data-e-type=\"widget\" data-widget_type=\"text-editor.default\">\n\t\t\t\t<div class=\"elementor-widget-container\">\n\t\t\t\t\t\t\t\t\t<p>Together we create a sustainable future.\u00a0<\/p>\t\t\t\t\t\t\t\t<\/div>\n\t\t\t\t<\/div>\n\t\t\t\t<div class=\"elementor-element elementor-element-135f2dd elementor-align-center elementor-widget elementor-widget-button\" data-id=\"135f2dd\" data-element_type=\"widget\" data-e-type=\"widget\" data-widget_type=\"button.default\">\n\t\t\t\t<div class=\"elementor-widget-container\">\n\t\t\t\t\t\t\t\t\t<div class=\"elementor-button-wrapper\">\n\t\t\t\t\t<a class=\"elementor-button elementor-button-link elementor-size-sm\" href=\"https:\/\/media.be-ge.se\/?r=14236\">\n\t\t\t\t\t\t<span class=\"elementor-button-content-wrapper\">\n\t\t\t\t\t\t\t\t\t<span class=\"elementor-button-text\">Environmental certificate<\/span>\n\t\t\t\t\t<\/span>\n\t\t\t\t\t<\/a>\n\t\t\t\t<\/div>\n\t\t\t\t\t\t\t\t<\/div>\n\t\t\t\t<\/div>\n\t\t\t\t\t<\/div>\n\t\t<\/div>\n\t\t\t\t\t<\/div>\n\t\t<\/section>\n\t\t\t\t<\/div>","protected":false},"excerpt":{"rendered":"<p>Milj\u00f6 Be-Ge Lackering AB\u00a0f\u00f6ljer milj\u00f6arbete som skall vara m\u00e5lmedvetet och l\u00e5ngsiktigt och syfta mot en minimering av utsl\u00e4pp, som har en negativ p\u00e5verkan p\u00e5 milj\u00f6n i v\u00e5r omv\u00e4rld. Arbetet med st\u00e4ndiga f\u00f6rb\u00e4ttringar ska leda till minskad belastning p\u00e5 milj\u00f6n. Nya milj\u00f6krav De nya milj\u00f6krav som g\u00e4ller f\u00f6r EU fr\u00e5n och med 2007 har inte f\u00f6ranlett [&hellip;]<\/p>\n","protected":false},"author":15,"featured_media":0,"parent":0,"menu_order":0,"comment_status":"closed","ping_status":"closed","template":"","meta":{"_acf_changed":false,"footnotes":""},"class_list":["post-12281","page","type-page","status-publish","hentry"],"acf":[],"_links":{"self":[{"href":"https:\/\/lack.be-ge.se\/en\/wp-json\/wp\/v2\/pages\/12281","targetHints":{"allow":["GET"]}}],"collection":[{"href":"https:\/\/lack.be-ge.se\/en\/wp-json\/wp\/v2\/pages"}],"about":[{"href":"https:\/\/lack.be-ge.se\/en\/wp-json\/wp\/v2\/types\/page"}],"author":[{"embeddable":true,"href":"https:\/\/lack.be-ge.se\/en\/wp-json\/wp\/v2\/users\/15"}],"replies":[{"embeddable":true,"href":"https:\/\/lack.be-ge.se\/en\/wp-json\/wp\/v2\/comments?post=12281"}],"version-history":[{"count":3,"href":"https:\/\/lack.be-ge.se\/en\/wp-json\/wp\/v2\/pages\/12281\/revisions"}],"predecessor-version":[{"id":14468,"href":"https:\/\/lack.be-ge.se\/en\/wp-json\/wp\/v2\/pages\/12281\/revisions\/14468"}],"wp:attachment":[{"href":"https:\/\/lack.be-ge.se\/en\/wp-json\/wp\/v2\/media?parent=12281"}],"curies":[{"name":"wp","href":"https:\/\/api.w.org\/{rel}","templated":true}]}}