{"id":12287,"date":"2022-11-10T10:58:04","date_gmt":"2022-11-10T09:58:04","guid":{"rendered":"https:\/\/lack.be-ge.se\/?page_id=12287"},"modified":"2026-02-04T10:04:47","modified_gmt":"2026-02-04T09:04:47","slug":"billackeringen","status":"publish","type":"page","link":"https:\/\/lack.be-ge.se\/en\/billackeringen\/","title":{"rendered":"Automotive painting"},"content":{"rendered":"<div data-elementor-type=\"wp-page\" data-elementor-id=\"12287\" class=\"elementor elementor-12287\" data-elementor-post-type=\"page\">\n\t\t\t\t\t\t<section class=\"elementor-section elementor-top-section elementor-element elementor-element-7db64acb elementor-section-boxed elementor-section-height-default elementor-section-height-default\" data-id=\"7db64acb\" data-element_type=\"section\" data-e-type=\"section\">\n\t\t\t\t\t\t<div class=\"elementor-container elementor-column-gap-default\">\n\t\t\t\t\t<div class=\"elementor-column elementor-col-50 elementor-top-column elementor-element elementor-element-1110894d\" data-id=\"1110894d\" data-element_type=\"column\" data-e-type=\"column\">\n\t\t\t<div class=\"elementor-widget-wrap elementor-element-populated\">\n\t\t\t\t\t\t<div class=\"elementor-element elementor-element-7ffad472 elementor-widget elementor-widget-heading\" data-id=\"7ffad472\" data-element_type=\"widget\" data-e-type=\"widget\" data-widget_type=\"heading.default\">\n\t\t\t\t<div class=\"elementor-widget-container\">\n\t\t\t\t\t<h1 class=\"elementor-heading-title elementor-size-large\">Automotive Painting<\/h1>\t\t\t\t<\/div>\n\t\t\t\t<\/div>\n\t\t\t\t\t<\/div>\n\t\t<\/div>\n\t\t\t\t<div class=\"elementor-column elementor-col-50 elementor-top-column elementor-element elementor-element-305e740b\" data-id=\"305e740b\" data-element_type=\"column\" data-e-type=\"column\">\n\t\t\t<div class=\"elementor-widget-wrap elementor-element-populated\">\n\t\t\t\t\t\t<div class=\"elementor-element elementor-element-30ed434d elementor-widget elementor-widget-text-editor\" data-id=\"30ed434d\" data-element_type=\"widget\" data-e-type=\"widget\" data-widget_type=\"text-editor.default\">\n\t\t\t\t<div class=\"elementor-widget-container\">\n\t\t\t\t\t\t\t\t\t<p>Be-Ge Lackering AB also operates in automotive painting, which is conducted in a plant at Ink\u00f6rningsv\u00e4gen 3. Here is also plastic repairs performed.<\/p>\t\t\t\t\t\t\t\t<\/div>\n\t\t\t\t<\/div>\n\t\t\t\t\t<\/div>\n\t\t<\/div>\n\t\t\t\t\t<\/div>\n\t\t<\/section>\n\t\t\t\t<section class=\"elementor-section elementor-top-section elementor-element elementor-element-567a761e elementor-section-full_width elementor-section-height-min-height elementor-section-height-default elementor-section-items-middle\" data-id=\"567a761e\" data-element_type=\"section\" data-e-type=\"section\" data-settings=\"{&quot;background_background&quot;:&quot;classic&quot;}\">\n\t\t\t\t\t\t\t<div class=\"elementor-background-overlay\"><\/div>\n\t\t\t\t\t\t\t<div class=\"elementor-container elementor-column-gap-default\">\n\t\t\t\t\t<div class=\"elementor-column elementor-col-100 elementor-top-column elementor-element elementor-element-1136f3d5\" data-id=\"1136f3d5\" data-element_type=\"column\" data-e-type=\"column\">\n\t\t\t<div class=\"elementor-widget-wrap elementor-element-populated\">\n\t\t\t\t\t\t<section class=\"elementor-section elementor-inner-section elementor-element elementor-element-3d95c155 elementor-section-boxed elementor-section-height-default elementor-section-height-default\" data-id=\"3d95c155\" data-element_type=\"section\" data-e-type=\"section\">\n\t\t\t\t\t\t<div class=\"elementor-container elementor-column-gap-default\">\n\t\t\t\t\t<div class=\"elementor-column elementor-col-100 elementor-inner-column elementor-element elementor-element-7f71142a\" data-id=\"7f71142a\" data-element_type=\"column\" data-e-type=\"column\">\n\t\t\t<div class=\"elementor-widget-wrap elementor-element-populated\">\n\t\t\t\t\t\t\t<\/div>\n\t\t<\/div>\n\t\t\t\t\t<\/div>\n\t\t<\/section>\n\t\t\t\t\t<\/div>\n\t\t<\/div>\n\t\t\t\t\t<\/div>\n\t\t<\/section>\n\t\t\t\t<section class=\"elementor-section elementor-top-section elementor-element elementor-element-5cc4bfb4 elementor-section-boxed elementor-section-height-default elementor-section-height-default\" data-id=\"5cc4bfb4\" data-element_type=\"section\" data-e-type=\"section\">\n\t\t\t\t\t\t<div class=\"elementor-container elementor-column-gap-default\">\n\t\t\t\t\t<div class=\"elementor-column elementor-col-50 elementor-top-column elementor-element elementor-element-7f42993d\" data-id=\"7f42993d\" data-element_type=\"column\" data-e-type=\"column\">\n\t\t\t<div class=\"elementor-widget-wrap elementor-element-populated\">\n\t\t\t\t\t\t<div class=\"elementor-element elementor-element-829ec9a elementor-widget elementor-widget-image\" data-id=\"829ec9a\" data-element_type=\"widget\" data-e-type=\"widget\" data-widget_type=\"image.default\">\n\t\t\t\t<div class=\"elementor-widget-container\">\n\t\t\t\t\t\t\t\t\t\t\t\t\t\t\t<img fetchpriority=\"high\" decoding=\"async\" width=\"2000\" height=\"1333\" src=\"https:\/\/lack.be-ge.se\/wp-content\/uploads\/2024\/02\/DSC_0052__.webp\" class=\"attachment-full size-full wp-image-14043\" alt=\"F\u00f6rs\u00e4kringsskador p\u00e5 person och transportbilar utg\u00f6r huvuddelen av f\u00f6retagets oms\u00e4ttning och resterande del av best\u00e4llningar fr\u00e5n privatkunder.\" srcset=\"https:\/\/lack.be-ge.se\/wp-content\/uploads\/2024\/02\/DSC_0052__.webp 2000w, https:\/\/lack.be-ge.se\/wp-content\/uploads\/2024\/02\/DSC_0052__-300x200.webp 300w, https:\/\/lack.be-ge.se\/wp-content\/uploads\/2024\/02\/DSC_0052__-1024x682.webp 1024w, https:\/\/lack.be-ge.se\/wp-content\/uploads\/2024\/02\/DSC_0052__-768x512.webp 768w, https:\/\/lack.be-ge.se\/wp-content\/uploads\/2024\/02\/DSC_0052__-1536x1024.webp 1536w, https:\/\/lack.be-ge.se\/wp-content\/uploads\/2024\/02\/DSC_0052__-18x12.webp 18w\" sizes=\"(max-width: 2000px) 100vw, 2000px\" \/>\t\t\t\t\t\t\t\t\t\t\t\t\t\t\t<\/div>\n\t\t\t\t<\/div>\n\t\t\t\t\t<\/div>\n\t\t<\/div>\n\t\t\t\t<div class=\"elementor-column elementor-col-50 elementor-top-column elementor-element elementor-element-5b23368\" data-id=\"5b23368\" data-element_type=\"column\" data-e-type=\"column\" data-settings=\"{&quot;background_background&quot;:&quot;classic&quot;}\">\n\t\t\t<div class=\"elementor-widget-wrap elementor-element-populated\">\n\t\t\t\t\t\t<div class=\"elementor-element elementor-element-1d479f0 elementor-widget elementor-widget-heading\" data-id=\"1d479f0\" data-element_type=\"widget\" data-e-type=\"widget\" data-widget_type=\"heading.default\">\n\t\t\t\t<div class=\"elementor-widget-container\">\n\t\t\t\t\t<h2 class=\"elementor-heading-title elementor-size-large\">Insurance damages<\/h2>\t\t\t\t<\/div>\n\t\t\t\t<\/div>\n\t\t\t\t<div class=\"elementor-element elementor-element-1c6a437 elementor-widget elementor-widget-text-editor\" data-id=\"1c6a437\" data-element_type=\"widget\" data-e-type=\"widget\" data-widget_type=\"text-editor.default\">\n\t\t\t\t<div class=\"elementor-widget-container\">\n\t\t\t\t\t\t\t\t\t<p>Insurance damages to personal and commercial vehicles constitute the main part of the company\u2019s turnover and the remaining portion of orders from private customers. The colors used are waterborne basecoat and two-component HS varnish.<br><\/p>\t\t\t\t\t\t\t\t<\/div>\n\t\t\t\t<\/div>\n\t\t\t\t\t<\/div>\n\t\t<\/div>\n\t\t\t\t\t<\/div>\n\t\t<\/section>\n\t\t\t\t<section class=\"elementor-section elementor-top-section elementor-element elementor-element-f230b47 elementor-section-boxed elementor-section-height-default elementor-section-height-default\" data-id=\"f230b47\" data-element_type=\"section\" data-e-type=\"section\">\n\t\t\t\t\t\t<div class=\"elementor-container elementor-column-gap-default\">\n\t\t\t\t\t<div class=\"elementor-column elementor-col-100 elementor-top-column elementor-element elementor-element-1b18184\" data-id=\"1b18184\" data-element_type=\"column\" data-e-type=\"column\">\n\t\t\t<div class=\"elementor-widget-wrap elementor-element-populated\">\n\t\t\t\t\t\t<div class=\"elementor-element elementor-element-9da4506 elementor-widget elementor-widget-image\" data-id=\"9da4506\" data-element_type=\"widget\" data-e-type=\"widget\" data-widget_type=\"image.default\">\n\t\t\t\t<div class=\"elementor-widget-container\">\n\t\t\t\t\t\t\t\t\t\t\t\t\t\t\t<img decoding=\"async\" width=\"150\" height=\"131\" src=\"https:\/\/lack.be-ge.se\/wp-content\/uploads\/2022\/11\/Namnlost-1.png\" class=\"attachment-large size-large wp-image-12335\" alt=\"F\u00f6retaget \u00e4r medlem i Motorbranschens Riksf\u00f6rbund och industriavdelningen \u00e4r certifierat enligt kvalitetsledningssystemet ISO 9001:2008.\" srcset=\"https:\/\/lack.be-ge.se\/wp-content\/uploads\/2022\/11\/Namnlost-1.png 150w, https:\/\/lack.be-ge.se\/wp-content\/uploads\/2022\/11\/Namnlost-1-14x12.png 14w\" sizes=\"(max-width: 150px) 100vw, 150px\" \/>\t\t\t\t\t\t\t\t\t\t\t\t\t\t\t<\/div>\n\t\t\t\t<\/div>\n\t\t\t\t<div class=\"elementor-element elementor-element-f9201d0 elementor-widget elementor-widget-heading\" data-id=\"f9201d0\" data-element_type=\"widget\" data-e-type=\"widget\" data-widget_type=\"heading.default\">\n\t\t\t\t<div class=\"elementor-widget-container\">\n\t\t\t\t\t<h2 class=\"elementor-heading-title elementor-size-large\">Motorbranschens Riksf\u00f6rbund<\/h2>\t\t\t\t<\/div>\n\t\t\t\t<\/div>\n\t\t\t\t<div class=\"elementor-element elementor-element-4a60afa elementor-widget elementor-widget-text-editor\" data-id=\"4a60afa\" data-element_type=\"widget\" data-e-type=\"widget\" data-widget_type=\"text-editor.default\">\n\t\t\t\t<div class=\"elementor-widget-container\">\n\t\t\t\t\t\t\t\t\t<p>Be-Ge Lackering AB is a member of the Motor Trades Association and quality assured according MRF VU. We comply with applicable laws and regulations, which means we have extra security for the customer in case of claim.<\/p>\t\t\t\t\t\t\t\t<\/div>\n\t\t\t\t<\/div>\n\t\t\t\t\t<\/div>\n\t\t<\/div>\n\t\t\t\t\t<\/div>\n\t\t<\/section>\n\t\t\t\t<section class=\"elementor-section elementor-top-section elementor-element elementor-element-6321683e elementor-section-boxed elementor-section-height-default elementor-section-height-default\" data-id=\"6321683e\" data-element_type=\"section\" data-e-type=\"section\" data-settings=\"{&quot;background_background&quot;:&quot;classic&quot;}\">\n\t\t\t\t\t\t<div class=\"elementor-container elementor-column-gap-default\">\n\t\t\t\t\t<div class=\"elementor-column elementor-col-100 elementor-top-column elementor-element elementor-element-210f3d59\" data-id=\"210f3d59\" data-element_type=\"column\" data-e-type=\"column\">\n\t\t\t<div class=\"elementor-widget-wrap elementor-element-populated\">\n\t\t\t\t\t\t<div class=\"elementor-element elementor-element-abfb70a elementor-view-default elementor-widget elementor-widget-icon\" data-id=\"abfb70a\" data-element_type=\"widget\" data-e-type=\"widget\" data-widget_type=\"icon.default\">\n\t\t\t\t<div class=\"elementor-widget-container\">\n\t\t\t\t\t\t\t<div class=\"elementor-icon-wrapper\">\n\t\t\t<div class=\"elementor-icon\">\n\t\t\t<i aria-hidden=\"true\" class=\"fas fa-spray-can\"><\/i>\t\t\t<\/div>\n\t\t<\/div>\n\t\t\t\t\t\t<\/div>\n\t\t\t\t<\/div>\n\t\t\t\t<div class=\"elementor-element elementor-element-122161cc elementor-widget elementor-widget-text-editor\" data-id=\"122161cc\" data-element_type=\"widget\" data-e-type=\"widget\" data-widget_type=\"text-editor.default\">\n\t\t\t\t<div class=\"elementor-widget-container\">\n\t\t\t\t\t\t\t\t\t<p>The facility includes two spray booths for automotive painting and commercial vehicles, with the associated drying ovens and surfaces for plastic repair.<\/p>\t\t\t\t\t\t\t\t<\/div>\n\t\t\t\t<\/div>\n\t\t\t\t\t<\/div>\n\t\t<\/div>\n\t\t\t\t\t<\/div>\n\t\t<\/section>\n\t\t\t\t<section class=\"elementor-section elementor-top-section elementor-element elementor-element-5deed8f elementor-section-boxed elementor-section-height-default elementor-section-height-default\" data-id=\"5deed8f\" data-element_type=\"section\" data-e-type=\"section\" data-settings=\"{&quot;background_background&quot;:&quot;classic&quot;}\">\n\t\t\t\t\t\t<div class=\"elementor-container elementor-column-gap-default\">\n\t\t\t\t\t<div class=\"elementor-column elementor-col-100 elementor-top-column elementor-element elementor-element-2921a32\" data-id=\"2921a32\" data-element_type=\"column\" data-e-type=\"column\">\n\t\t\t<div class=\"elementor-widget-wrap elementor-element-populated\">\n\t\t\t\t\t\t<div class=\"elementor-element elementor-element-7c6eee1 elementor-widget elementor-widget-heading\" data-id=\"7c6eee1\" data-element_type=\"widget\" data-e-type=\"widget\" data-widget_type=\"heading.default\">\n\t\t\t\t<div class=\"elementor-widget-container\">\n\t\t\t\t\t<h2 class=\"elementor-heading-title elementor-size-large\">Time efficient mixing of paint<\/h2>\t\t\t\t<\/div>\n\t\t\t\t<\/div>\n\t\t\t\t<div class=\"elementor-element elementor-element-2b0b0ef elementor-widget elementor-widget-text-editor\" data-id=\"2b0b0ef\" data-element_type=\"widget\" data-e-type=\"widget\" data-widget_type=\"text-editor.default\">\n\t\t\t\t<div class=\"elementor-widget-container\">\n\t\t\t\t\t\t\t\t\t<p>With a modern Moonwalk paint mixing machine installed at the facility, Be-Ge Lackering AB\u2019s Automotive Painting can ensure a that color of the repair will be identical to the car\u2019s original paint. When entering the color code, Moonwalk controls the process by mixing the paint to the correct shade with a precision of 0.01 grams. The process enhances the quality and are also time efficient for the staff.<\/p>\t\t\t\t\t\t\t\t<\/div>\n\t\t\t\t<\/div>\n\t\t\t\t<section class=\"elementor-section elementor-inner-section elementor-element elementor-element-3444014 elementor-section-boxed elementor-section-height-default elementor-section-height-default\" data-id=\"3444014\" data-element_type=\"section\" data-e-type=\"section\">\n\t\t\t\t\t\t<div class=\"elementor-container elementor-column-gap-default\">\n\t\t\t\t\t<div class=\"elementor-column elementor-col-50 elementor-inner-column elementor-element elementor-element-9f07b36\" data-id=\"9f07b36\" data-element_type=\"column\" data-e-type=\"column\">\n\t\t\t<div class=\"elementor-widget-wrap elementor-element-populated\">\n\t\t\t\t\t\t<div class=\"elementor-element elementor-element-368ee9a elementor-widget elementor-widget-image\" data-id=\"368ee9a\" data-element_type=\"widget\" data-e-type=\"widget\" data-widget_type=\"image.default\">\n\t\t\t\t<div class=\"elementor-widget-container\">\n\t\t\t\t\t\t\t\t\t\t\t\t\t\t\t<img decoding=\"async\" width=\"800\" height=\"534\" src=\"https:\/\/lack.be-ge.se\/wp-content\/uploads\/2026\/02\/Fotograf-Cornelia-Hoglind-2025_Be-Ge-billackering34-1024x683.webp\" class=\"attachment-large size-large wp-image-14469\" alt=\"\" srcset=\"https:\/\/lack.be-ge.se\/wp-content\/uploads\/2026\/02\/Fotograf-Cornelia-Hoglind-2025_Be-Ge-billackering34-1024x683.webp 1024w, https:\/\/lack.be-ge.se\/wp-content\/uploads\/2026\/02\/Fotograf-Cornelia-Hoglind-2025_Be-Ge-billackering34-300x200.webp 300w, https:\/\/lack.be-ge.se\/wp-content\/uploads\/2026\/02\/Fotograf-Cornelia-Hoglind-2025_Be-Ge-billackering34-768x512.webp 768w, https:\/\/lack.be-ge.se\/wp-content\/uploads\/2026\/02\/Fotograf-Cornelia-Hoglind-2025_Be-Ge-billackering34-1536x1024.webp 1536w, https:\/\/lack.be-ge.se\/wp-content\/uploads\/2026\/02\/Fotograf-Cornelia-Hoglind-2025_Be-Ge-billackering34-2048x1366.webp 2048w, https:\/\/lack.be-ge.se\/wp-content\/uploads\/2026\/02\/Fotograf-Cornelia-Hoglind-2025_Be-Ge-billackering34-18x12.webp 18w\" sizes=\"(max-width: 800px) 100vw, 800px\" \/>\t\t\t\t\t\t\t\t\t\t\t\t\t\t\t<\/div>\n\t\t\t\t<\/div>\n\t\t\t\t\t<\/div>\n\t\t<\/div>\n\t\t\t\t<div class=\"elementor-column elementor-col-50 elementor-inner-column elementor-element elementor-element-f10bfb4\" data-id=\"f10bfb4\" data-element_type=\"column\" data-e-type=\"column\">\n\t\t\t<div class=\"elementor-widget-wrap elementor-element-populated\">\n\t\t\t\t\t\t<div class=\"elementor-element elementor-element-aa051b8 elementor-widget elementor-widget-image\" data-id=\"aa051b8\" data-element_type=\"widget\" data-e-type=\"widget\" data-widget_type=\"image.default\">\n\t\t\t\t<div class=\"elementor-widget-container\">\n\t\t\t\t\t\t\t\t\t\t\t\t\t\t\t<img loading=\"lazy\" decoding=\"async\" width=\"800\" height=\"534\" src=\"https:\/\/lack.be-ge.se\/wp-content\/uploads\/2024\/02\/DSC_0206___.webp\" class=\"attachment-large size-large wp-image-14045\" alt=\"De f\u00e4rger som anv\u00e4nds \u00e4r av typen vattensp\u00e4dbar baslack och vanligen enligt kundens specifikation.\" srcset=\"https:\/\/lack.be-ge.se\/wp-content\/uploads\/2024\/02\/DSC_0206___.webp 1000w, https:\/\/lack.be-ge.se\/wp-content\/uploads\/2024\/02\/DSC_0206___-300x200.webp 300w, https:\/\/lack.be-ge.se\/wp-content\/uploads\/2024\/02\/DSC_0206___-768x512.webp 768w, https:\/\/lack.be-ge.se\/wp-content\/uploads\/2024\/02\/DSC_0206___-18x12.webp 18w\" sizes=\"(max-width: 800px) 100vw, 800px\" \/>\t\t\t\t\t\t\t\t\t\t\t\t\t\t\t<\/div>\n\t\t\t\t<\/div>\n\t\t\t\t\t<\/div>\n\t\t<\/div>\n\t\t\t\t\t<\/div>\n\t\t<\/section>\n\t\t\t\t\t<\/div>\n\t\t<\/div>\n\t\t\t\t\t<\/div>\n\t\t<\/section>\n\t\t\t\t<section class=\"elementor-section elementor-top-section elementor-element elementor-element-d750df0 elementor-section-boxed elementor-section-height-default elementor-section-height-default\" data-id=\"d750df0\" data-element_type=\"section\" data-e-type=\"section\">\n\t\t\t\t\t\t<div class=\"elementor-container elementor-column-gap-default\">\n\t\t\t\t\t<div class=\"elementor-column elementor-col-100 elementor-top-column elementor-element elementor-element-324d685\" data-id=\"324d685\" data-element_type=\"column\" data-e-type=\"column\">\n\t\t\t<div class=\"elementor-widget-wrap elementor-element-populated\">\n\t\t\t\t\t\t<div class=\"elementor-element elementor-element-a50f1e8 elementor-cta--skin-cover elementor-animated-content elementor-bg-transform elementor-bg-transform-zoom-in elementor-widget elementor-widget-call-to-action\" data-id=\"a50f1e8\" data-element_type=\"widget\" data-e-type=\"widget\" data-widget_type=\"call-to-action.default\">\n\t\t\t\t<div class=\"elementor-widget-container\">\n\t\t\t\t\t\t\t<div class=\"elementor-cta\">\n\t\t\t\t\t<div class=\"elementor-cta__bg-wrapper\">\n\t\t\t\t<div class=\"elementor-cta__bg elementor-bg\" style=\"background-image: url(https:\/\/lack.be-ge.se\/wp-content\/uploads\/2024\/02\/DSC_0044___ny-1024x506.webp);\" role=\"img\" aria-label=\"F\u00f6rs\u00e4kringsskador p\u00e5 person och transportbilar utg\u00f6r huvuddelen av f\u00f6retagets oms\u00e4ttning och resterande del av best\u00e4llningar fr\u00e5n privatkunder.\"><\/div>\n\t\t\t\t<div class=\"elementor-cta__bg-overlay\"><\/div>\n\t\t\t<\/div>\n\t\t\t\t\t\t\t<div class=\"elementor-cta__content\">\n\t\t\t\t\n\t\t\t\t\t\t\t\t\t<h2 class=\"elementor-cta__title elementor-cta__content-item elementor-content-item elementor-animated-item--grow\">\n\t\t\t\t\t\tContact us\t\t\t\t\t<\/h2>\n\t\t\t\t\n\t\t\t\t\t\t\t\t\t<div class=\"elementor-cta__description elementor-cta__content-item elementor-content-item elementor-animated-item--grow\">\n\t\t\t\t\t\tDo you want to contact us or want more information about automotive painting?\t\t\t\t\t<\/div>\n\t\t\t\t\n\t\t\t\t\t\t\t\t\t<div class=\"elementor-cta__button-wrapper elementor-cta__content-item elementor-content-item elementor-animated-item--grow\">\n\t\t\t\t\t<a class=\"elementor-cta__button elementor-button elementor-size-\" href=\"\/en\/kontakt\/\">\n\t\t\t\t\t\tContact us here\t\t\t\t\t<\/a>\n\t\t\t\t\t<\/div>\n\t\t\t\t\t\t\t<\/div>\n\t\t\t\t\t\t<\/div>\n\t\t\t\t\t\t<\/div>\n\t\t\t\t<\/div>\n\t\t\t\t\t<\/div>\n\t\t<\/div>\n\t\t\t\t\t<\/div>\n\t\t<\/section>\n\t\t\t\t<\/div>","protected":false},"excerpt":{"rendered":"<p>Billackering Be-Ge Lackering AB har en billackering som bedrivs i en anl\u00e4ggning p\u00e5 Ink\u00f6rningsv\u00e4gen 3, d\u00e4r \u00e4ven plastreparationer utf\u00f6rs. F\u00f6rs\u00e4kringsskador F\u00f6rs\u00e4kringsskador p\u00e5 person och transportbilar utg\u00f6r huvuddelen av f\u00f6retagets oms\u00e4ttning och resterande del av best\u00e4llningar fr\u00e5n privatkunder. De f\u00e4rger som anv\u00e4nds \u00e4r vattensp\u00e4dbar baslack och tv\u00e5komponents HS-lack. Motorbranschens Riksf\u00f6rbund Be-Ge Lackering AB \u00e4r medlem av [&hellip;]<\/p>\n","protected":false},"author":15,"featured_media":0,"parent":0,"menu_order":0,"comment_status":"closed","ping_status":"closed","template":"","meta":{"_acf_changed":false,"footnotes":""},"class_list":["post-12287","page","type-page","status-publish","hentry"],"acf":[],"_links":{"self":[{"href":"https:\/\/lack.be-ge.se\/en\/wp-json\/wp\/v2\/pages\/12287","targetHints":{"allow":["GET"]}}],"collection":[{"href":"https:\/\/lack.be-ge.se\/en\/wp-json\/wp\/v2\/pages"}],"about":[{"href":"https:\/\/lack.be-ge.se\/en\/wp-json\/wp\/v2\/types\/page"}],"author":[{"embeddable":true,"href":"https:\/\/lack.be-ge.se\/en\/wp-json\/wp\/v2\/users\/15"}],"replies":[{"embeddable":true,"href":"https:\/\/lack.be-ge.se\/en\/wp-json\/wp\/v2\/comments?post=12287"}],"version-history":[{"count":3,"href":"https:\/\/lack.be-ge.se\/en\/wp-json\/wp\/v2\/pages\/12287\/revisions"}],"predecessor-version":[{"id":14472,"href":"https:\/\/lack.be-ge.se\/en\/wp-json\/wp\/v2\/pages\/12287\/revisions\/14472"}],"wp:attachment":[{"href":"https:\/\/lack.be-ge.se\/en\/wp-json\/wp\/v2\/media?parent=12287"}],"curies":[{"name":"wp","href":"https:\/\/api.w.org\/{rel}","templated":true}]}}