{"id":12289,"date":"2022-11-10T10:58:28","date_gmt":"2022-11-10T09:58:28","guid":{"rendered":"https:\/\/lack.be-ge.se\/?page_id=12289"},"modified":"2024-02-09T08:14:56","modified_gmt":"2024-02-09T07:14:56","slug":"plastreparationer","status":"publish","type":"page","link":"https:\/\/lack.be-ge.se\/en\/plastreparationer\/","title":{"rendered":"Plastic repair"},"content":{"rendered":"<div data-elementor-type=\"wp-page\" data-elementor-id=\"12289\" class=\"elementor elementor-12289\" data-elementor-post-type=\"page\">\n\t\t\t\t\t\t<section class=\"elementor-section elementor-top-section elementor-element elementor-element-78ee542a elementor-section-boxed elementor-section-height-default elementor-section-height-default\" data-id=\"78ee542a\" data-element_type=\"section\" data-e-type=\"section\">\n\t\t\t\t\t\t<div class=\"elementor-container elementor-column-gap-default\">\n\t\t\t\t\t<div class=\"elementor-column elementor-col-50 elementor-top-column elementor-element elementor-element-5d726403\" data-id=\"5d726403\" data-element_type=\"column\" data-e-type=\"column\">\n\t\t\t<div class=\"elementor-widget-wrap elementor-element-populated\">\n\t\t\t\t\t\t<div class=\"elementor-element elementor-element-7e58eabd elementor-widget elementor-widget-heading\" data-id=\"7e58eabd\" data-element_type=\"widget\" data-e-type=\"widget\" data-widget_type=\"heading.default\">\n\t\t\t\t<div class=\"elementor-widget-container\">\n\t\t\t\t\t<h1 class=\"elementor-heading-title elementor-size-large\">Plastic repair<\/h1>\t\t\t\t<\/div>\n\t\t\t\t<\/div>\n\t\t\t\t\t<\/div>\n\t\t<\/div>\n\t\t\t\t<div class=\"elementor-column elementor-col-50 elementor-top-column elementor-element elementor-element-2bfdb601\" data-id=\"2bfdb601\" data-element_type=\"column\" data-e-type=\"column\">\n\t\t\t<div class=\"elementor-widget-wrap elementor-element-populated\">\n\t\t\t\t\t\t<div class=\"elementor-element elementor-element-1ce91029 elementor-widget elementor-widget-text-editor\" data-id=\"1ce91029\" data-element_type=\"widget\" data-e-type=\"widget\" data-widget_type=\"text-editor.default\">\n\t\t\t\t<div class=\"elementor-widget-container\">\n\t\t\t\t\t\t\t\t\t<p>Along with the Be-Ge Lackering AB specially trained staff, we can help you to repair most of the damage to the plastic parts in different forms.<\/p>\t\t\t\t\t\t\t\t<\/div>\n\t\t\t\t<\/div>\n\t\t\t\t\t<\/div>\n\t\t<\/div>\n\t\t\t\t\t<\/div>\n\t\t<\/section>\n\t\t\t\t<section class=\"elementor-section elementor-top-section elementor-element elementor-element-5f8b18b9 elementor-section-full_width elementor-section-height-min-height elementor-section-height-default elementor-section-items-middle\" data-id=\"5f8b18b9\" data-element_type=\"section\" data-e-type=\"section\" data-settings=\"{&quot;background_background&quot;:&quot;classic&quot;}\">\n\t\t\t\t\t\t\t<div class=\"elementor-background-overlay\"><\/div>\n\t\t\t\t\t\t\t<div class=\"elementor-container elementor-column-gap-default\">\n\t\t\t\t\t<div class=\"elementor-column elementor-col-100 elementor-top-column elementor-element elementor-element-78ba4d44\" data-id=\"78ba4d44\" data-element_type=\"column\" data-e-type=\"column\">\n\t\t\t<div class=\"elementor-widget-wrap elementor-element-populated\">\n\t\t\t\t\t\t<section class=\"elementor-section elementor-inner-section elementor-element elementor-element-1d64b2b0 elementor-section-boxed elementor-section-height-default elementor-section-height-default\" data-id=\"1d64b2b0\" data-element_type=\"section\" data-e-type=\"section\">\n\t\t\t\t\t\t<div class=\"elementor-container elementor-column-gap-default\">\n\t\t\t\t\t<div class=\"elementor-column elementor-col-100 elementor-inner-column elementor-element elementor-element-357128b1\" data-id=\"357128b1\" data-element_type=\"column\" data-e-type=\"column\">\n\t\t\t<div class=\"elementor-widget-wrap elementor-element-populated\">\n\t\t\t\t\t\t\t<\/div>\n\t\t<\/div>\n\t\t\t\t\t<\/div>\n\t\t<\/section>\n\t\t\t\t\t<\/div>\n\t\t<\/div>\n\t\t\t\t\t<\/div>\n\t\t<\/section>\n\t\t\t\t<section class=\"elementor-section elementor-top-section elementor-element elementor-element-25cb205e elementor-section-boxed elementor-section-height-default elementor-section-height-default\" data-id=\"25cb205e\" data-element_type=\"section\" data-e-type=\"section\" data-settings=\"{&quot;background_background&quot;:&quot;classic&quot;}\">\n\t\t\t\t\t\t<div class=\"elementor-container elementor-column-gap-default\">\n\t\t\t\t\t<div class=\"elementor-column elementor-col-50 elementor-top-column elementor-element elementor-element-115cac91\" data-id=\"115cac91\" data-element_type=\"column\" data-e-type=\"column\" data-settings=\"{&quot;background_background&quot;:&quot;classic&quot;}\">\n\t\t\t<div class=\"elementor-widget-wrap elementor-element-populated\">\n\t\t\t\t\t\t<div class=\"elementor-element elementor-element-50db752 elementor-widget elementor-widget-image\" data-id=\"50db752\" data-element_type=\"widget\" data-e-type=\"widget\" data-widget_type=\"image.default\">\n\t\t\t\t<div class=\"elementor-widget-container\">\n\t\t\t\t\t\t\t\t\t\t\t\t\t\t\t<img fetchpriority=\"high\" decoding=\"async\" width=\"800\" height=\"533\" src=\"https:\/\/lack.be-ge.se\/wp-content\/uploads\/2024\/02\/DSC_0118__-1024x682.webp\" class=\"attachment-large size-large wp-image-14037\" alt=\"Billackeringen till\u00e4mpar en teknik d\u00e4r plastdetaljer repareras och \u00e5terst\u00e4lls till sitt ursprungliga skick\" srcset=\"https:\/\/lack.be-ge.se\/wp-content\/uploads\/2024\/02\/DSC_0118__-1024x682.webp 1024w, https:\/\/lack.be-ge.se\/wp-content\/uploads\/2024\/02\/DSC_0118__-300x200.webp 300w, https:\/\/lack.be-ge.se\/wp-content\/uploads\/2024\/02\/DSC_0118__-768x512.webp 768w, https:\/\/lack.be-ge.se\/wp-content\/uploads\/2024\/02\/DSC_0118__-1536x1024.webp 1536w, https:\/\/lack.be-ge.se\/wp-content\/uploads\/2024\/02\/DSC_0118__-18x12.webp 18w, https:\/\/lack.be-ge.se\/wp-content\/uploads\/2024\/02\/DSC_0118__.webp 2000w\" sizes=\"(max-width: 800px) 100vw, 800px\" \/>\t\t\t\t\t\t\t\t\t\t\t\t\t\t\t<\/div>\n\t\t\t\t<\/div>\n\t\t\t\t<div class=\"elementor-element elementor-element-47f8dc7 elementor-widget elementor-widget-heading\" data-id=\"47f8dc7\" data-element_type=\"widget\" data-e-type=\"widget\" data-widget_type=\"heading.default\">\n\t\t\t\t<div class=\"elementor-widget-container\">\n\t\t\t\t\t<h2 class=\"elementor-heading-title elementor-size-large\">Price information<\/h2>\t\t\t\t<\/div>\n\t\t\t\t<\/div>\n\t\t\t\t<div class=\"elementor-element elementor-element-138587df elementor-widget elementor-widget-text-editor\" data-id=\"138587df\" data-element_type=\"widget\" data-e-type=\"widget\" data-widget_type=\"text-editor.default\">\n\t\t\t\t<div class=\"elementor-widget-container\">\n\t\t\t\t\t\t\t\t\t<p>Contact us for rates of the work of the plastic repairs that you want to repair\nbefore the purchase of an expensive replacement part.<\/p>\t\t\t\t\t\t\t\t<\/div>\n\t\t\t\t<\/div>\n\t\t\t\t\t<\/div>\n\t\t<\/div>\n\t\t\t\t<div class=\"elementor-column elementor-col-50 elementor-top-column elementor-element elementor-element-8dfc1f4\" data-id=\"8dfc1f4\" data-element_type=\"column\" data-e-type=\"column\" data-settings=\"{&quot;background_background&quot;:&quot;classic&quot;}\">\n\t\t\t<div class=\"elementor-widget-wrap elementor-element-populated\">\n\t\t\t\t\t\t<div class=\"elementor-element elementor-element-c334c82 elementor-widget elementor-widget-image\" data-id=\"c334c82\" data-element_type=\"widget\" data-e-type=\"widget\" data-widget_type=\"image.default\">\n\t\t\t\t<div class=\"elementor-widget-container\">\n\t\t\t\t\t\t\t\t\t\t\t\t\t\t\t<img decoding=\"async\" width=\"800\" height=\"533\" src=\"https:\/\/lack.be-ge.se\/wp-content\/uploads\/2024\/02\/DSC_0133__-1-1024x682.webp\" class=\"attachment-large size-large wp-image-14038\" alt=\"Billackeringen till\u00e4mpar en teknik d\u00e4r plastdetaljer repareras och \u00e5terst\u00e4lls till sitt ursprungliga skick\" srcset=\"https:\/\/lack.be-ge.se\/wp-content\/uploads\/2024\/02\/DSC_0133__-1-1024x682.webp 1024w, https:\/\/lack.be-ge.se\/wp-content\/uploads\/2024\/02\/DSC_0133__-1-300x200.webp 300w, https:\/\/lack.be-ge.se\/wp-content\/uploads\/2024\/02\/DSC_0133__-1-768x512.webp 768w, https:\/\/lack.be-ge.se\/wp-content\/uploads\/2024\/02\/DSC_0133__-1-1536x1024.webp 1536w, https:\/\/lack.be-ge.se\/wp-content\/uploads\/2024\/02\/DSC_0133__-1-18x12.webp 18w, https:\/\/lack.be-ge.se\/wp-content\/uploads\/2024\/02\/DSC_0133__-1.webp 2000w\" sizes=\"(max-width: 800px) 100vw, 800px\" \/>\t\t\t\t\t\t\t\t\t\t\t\t\t\t\t<\/div>\n\t\t\t\t<\/div>\n\t\t\t\t<div class=\"elementor-element elementor-element-96c1410 elementor-widget elementor-widget-heading\" data-id=\"96c1410\" data-element_type=\"widget\" data-e-type=\"widget\" data-widget_type=\"heading.default\">\n\t\t\t\t<div class=\"elementor-widget-container\">\n\t\t\t\t\t<h2 class=\"elementor-heading-title elementor-size-large\">Specially trained staff<\/h2>\t\t\t\t<\/div>\n\t\t\t\t<\/div>\n\t\t\t\t<div class=\"elementor-element elementor-element-0490443 elementor-widget elementor-widget-text-editor\" data-id=\"0490443\" data-element_type=\"widget\" data-e-type=\"widget\" data-widget_type=\"text-editor.default\">\n\t\t\t\t<div class=\"elementor-widget-container\">\n\t\t\t\t\t\t\t\t\t<p>Be-Ge Lackering AB has specially trained staff that can repair most damages to the plastic parts in different forms. We give you a price of the work on the plastic part that you want to repair before you purchase an expensive replacement part.<\/p>\t\t\t\t\t\t\t\t<\/div>\n\t\t\t\t<\/div>\n\t\t\t\t\t<\/div>\n\t\t<\/div>\n\t\t\t\t\t<\/div>\n\t\t<\/section>\n\t\t\t\t<section class=\"elementor-section elementor-top-section elementor-element elementor-element-06ee2ca elementor-section-boxed elementor-section-height-default elementor-section-height-default\" data-id=\"06ee2ca\" data-element_type=\"section\" data-e-type=\"section\">\n\t\t\t\t\t\t<div class=\"elementor-container elementor-column-gap-default\">\n\t\t\t\t\t<div class=\"elementor-column elementor-col-50 elementor-top-column elementor-element elementor-element-d391079\" data-id=\"d391079\" data-element_type=\"column\" data-e-type=\"column\" data-settings=\"{&quot;background_background&quot;:&quot;classic&quot;}\">\n\t\t\t<div class=\"elementor-widget-wrap elementor-element-populated\">\n\t\t\t\t\t\t<div class=\"elementor-element elementor-element-eea3f37 elementor-widget elementor-widget-image\" data-id=\"eea3f37\" data-element_type=\"widget\" data-e-type=\"widget\" data-widget_type=\"image.default\">\n\t\t\t\t<div class=\"elementor-widget-container\">\n\t\t\t\t\t\t\t\t\t\t\t\t\t\t\t<img decoding=\"async\" width=\"100\" height=\"123\" src=\"https:\/\/lack.be-ge.se\/wp-content\/uploads\/2023\/01\/ISO-9001_2015__.jpg\" class=\"attachment-large size-large wp-image-13797\" alt=\"\" srcset=\"https:\/\/lack.be-ge.se\/wp-content\/uploads\/2023\/01\/ISO-9001_2015__.jpg 100w, https:\/\/lack.be-ge.se\/wp-content\/uploads\/2023\/01\/ISO-9001_2015__-10x12.jpg 10w\" sizes=\"(max-width: 100px) 100vw, 100px\" \/>\t\t\t\t\t\t\t\t\t\t\t\t\t\t\t<\/div>\n\t\t\t\t<\/div>\n\t\t\t\t<div class=\"elementor-element elementor-element-1a18c13 elementor-widget elementor-widget-text-editor\" data-id=\"1a18c13\" data-element_type=\"widget\" data-e-type=\"widget\" data-widget_type=\"text-editor.default\">\n\t\t\t\t<div class=\"elementor-widget-container\">\n\t\t\t\t\t\t\t\t\t<p>SS-EN ISO 9001:2015<br \/><span style=\"text-decoration: underline;\"><a href=\"http:\/\/media.be-ge.se\/?r=2529\" target=\"_blank\" rel=\"noopener\">Click here to download PDF<\/a><\/span><\/p>\t\t\t\t\t\t\t\t<\/div>\n\t\t\t\t<\/div>\n\t\t\t\t\t<\/div>\n\t\t<\/div>\n\t\t\t\t<div class=\"elementor-column elementor-col-50 elementor-top-column elementor-element elementor-element-9d08e69\" data-id=\"9d08e69\" data-element_type=\"column\" data-e-type=\"column\" data-settings=\"{&quot;background_background&quot;:&quot;classic&quot;}\">\n\t\t\t<div class=\"elementor-widget-wrap elementor-element-populated\">\n\t\t\t\t\t\t<div class=\"elementor-element elementor-element-15d1820 elementor-widget elementor-widget-heading\" data-id=\"15d1820\" data-element_type=\"widget\" data-e-type=\"widget\" data-widget_type=\"heading.default\">\n\t\t\t\t<div class=\"elementor-widget-container\">\n\t\t\t\t\t<h2 class=\"elementor-heading-title elementor-size-large\">Certified<\/h2>\t\t\t\t<\/div>\n\t\t\t\t<\/div>\n\t\t\t\t<div class=\"elementor-element elementor-element-1243d13 elementor-widget elementor-widget-text-editor\" data-id=\"1243d13\" data-element_type=\"widget\" data-e-type=\"widget\" data-widget_type=\"text-editor.default\">\n\t\t\t\t<div class=\"elementor-widget-container\">\n\t\t\t\t\t\t\t\t\t<p>The company is a member of the Motor\nIndustry Association and the industrial department are certified according to the quality management system ISO 9001: 2008.<\/p>\t\t\t\t\t\t\t\t<\/div>\n\t\t\t\t<\/div>\n\t\t\t\t\t<\/div>\n\t\t<\/div>\n\t\t\t\t\t<\/div>\n\t\t<\/section>\n\t\t\t\t<section class=\"elementor-section elementor-top-section elementor-element elementor-element-508934b6 elementor-section-boxed elementor-section-height-default elementor-section-height-default\" data-id=\"508934b6\" data-element_type=\"section\" data-e-type=\"section\">\n\t\t\t\t\t\t<div class=\"elementor-container elementor-column-gap-default\">\n\t\t\t\t\t<div class=\"elementor-column elementor-col-100 elementor-top-column elementor-element elementor-element-785d8cba\" data-id=\"785d8cba\" data-element_type=\"column\" data-e-type=\"column\">\n\t\t\t<div class=\"elementor-widget-wrap elementor-element-populated\">\n\t\t\t\t\t\t<div class=\"elementor-element elementor-element-9869793 elementor-cta--skin-cover elementor-animated-content elementor-bg-transform elementor-bg-transform-zoom-in elementor-widget elementor-widget-call-to-action\" data-id=\"9869793\" data-element_type=\"widget\" data-e-type=\"widget\" data-widget_type=\"call-to-action.default\">\n\t\t\t\t<div class=\"elementor-widget-container\">\n\t\t\t\t\t\t\t<div class=\"elementor-cta\">\n\t\t\t\t\t<div class=\"elementor-cta__bg-wrapper\">\n\t\t\t\t<div class=\"elementor-cta__bg elementor-bg\" style=\"background-image: url(https:\/\/lack.be-ge.se\/wp-content\/uploads\/2024\/02\/DSC_0032__-683x1024.webp);\" role=\"img\" aria-label=\"I den st\u00f6rre \u201dlastbilsboxen\u201d finns kapacitet att lackera st\u00f6rre objekt som lastbilar, bussar och b\u00e5tar, men anv\u00e4nds huvudsakligen f\u00f6r m\u00e5lning av industrikomponenter.\"><\/div>\n\t\t\t\t<div class=\"elementor-cta__bg-overlay\"><\/div>\n\t\t\t<\/div>\n\t\t\t\t\t\t\t<div class=\"elementor-cta__content\">\n\t\t\t\t\n\t\t\t\t\t\t\t\t\t<h2 class=\"elementor-cta__title elementor-cta__content-item elementor-content-item elementor-animated-item--grow\">\n\t\t\t\t\t\tContact us\t\t\t\t\t<\/h2>\n\t\t\t\t\n\t\t\t\t\t\t\t\t\t<div class=\"elementor-cta__description elementor-cta__content-item elementor-content-item elementor-animated-item--grow\">\n\t\t\t\t\t\tDo you want to book an appointment for an plastic repair <br>or do you want more information about our Plastic Repairs?\t\t\t\t\t<\/div>\n\t\t\t\t\n\t\t\t\t\t\t\t\t\t<div class=\"elementor-cta__button-wrapper elementor-cta__content-item elementor-content-item elementor-animated-item--grow\">\n\t\t\t\t\t<a class=\"elementor-cta__button elementor-button elementor-size-\" href=\"\/en\/kontakt\/\">\n\t\t\t\t\t\tContact us here\t\t\t\t\t<\/a>\n\t\t\t\t\t<\/div>\n\t\t\t\t\t\t\t<\/div>\n\t\t\t\t\t\t<\/div>\n\t\t\t\t\t\t<\/div>\n\t\t\t\t<\/div>\n\t\t\t\t\t<\/div>\n\t\t<\/div>\n\t\t\t\t\t<\/div>\n\t\t<\/section>\n\t\t\t\t<\/div>","protected":false},"excerpt":{"rendered":"<p>Plastreparationer Be-Ge Lackering AB erbjuder sina kunder specialutbildad personal som kan reparera det flesta skador p\u00e5 plastdetaljer i olika former. Prisuppgifter Kontakta oss f\u00f6r att f\u00e5 prisuppgifter p\u00e5 arbetet f\u00f6r de plastreparationer som du \u00f6nskar att reparera innan k\u00f6p av en dyr reservdel. Specialutbildad personal Tillsammans med Be-Ge Lackering AB specialutbildade personal kan vi hj\u00e4lpa [&hellip;]<\/p>\n","protected":false},"author":15,"featured_media":0,"parent":0,"menu_order":0,"comment_status":"closed","ping_status":"closed","template":"","meta":{"_acf_changed":false,"footnotes":""},"class_list":["post-12289","page","type-page","status-publish","hentry"],"acf":[],"_links":{"self":[{"href":"https:\/\/lack.be-ge.se\/en\/wp-json\/wp\/v2\/pages\/12289","targetHints":{"allow":["GET"]}}],"collection":[{"href":"https:\/\/lack.be-ge.se\/en\/wp-json\/wp\/v2\/pages"}],"about":[{"href":"https:\/\/lack.be-ge.se\/en\/wp-json\/wp\/v2\/types\/page"}],"author":[{"embeddable":true,"href":"https:\/\/lack.be-ge.se\/en\/wp-json\/wp\/v2\/users\/15"}],"replies":[{"embeddable":true,"href":"https:\/\/lack.be-ge.se\/en\/wp-json\/wp\/v2\/comments?post=12289"}],"version-history":[{"count":0,"href":"https:\/\/lack.be-ge.se\/en\/wp-json\/wp\/v2\/pages\/12289\/revisions"}],"wp:attachment":[{"href":"https:\/\/lack.be-ge.se\/en\/wp-json\/wp\/v2\/media?parent=12289"}],"curies":[{"name":"wp","href":"https:\/\/api.w.org\/{rel}","templated":true}]}}