{"id":12843,"date":"2022-11-18T15:45:36","date_gmt":"2022-11-18T14:45:36","guid":{"rendered":"https:\/\/lack.be-ge.se\/?page_id=12843"},"modified":"2024-02-08T15:14:59","modified_gmt":"2024-02-08T14:14:59","slug":"hallbarhet","status":"publish","type":"page","link":"https:\/\/lack.be-ge.se\/en\/hallbarhet\/","title":{"rendered":"Sustainability"},"content":{"rendered":"<div data-elementor-type=\"wp-page\" data-elementor-id=\"12843\" class=\"elementor elementor-12843\" data-elementor-post-type=\"page\">\n\t\t\t\t\t\t<section class=\"elementor-section elementor-top-section elementor-element elementor-element-13212b0c elementor-section-boxed elementor-section-height-default elementor-section-height-default\" data-id=\"13212b0c\" data-element_type=\"section\" data-e-type=\"section\">\n\t\t\t\t\t\t<div class=\"elementor-container elementor-column-gap-default\">\n\t\t\t\t\t<div class=\"elementor-column elementor-col-50 elementor-top-column elementor-element elementor-element-9ce1756\" data-id=\"9ce1756\" data-element_type=\"column\" data-e-type=\"column\">\n\t\t\t<div class=\"elementor-widget-wrap elementor-element-populated\">\n\t\t\t\t\t\t<div class=\"elementor-element elementor-element-ee9da24 elementor-widget elementor-widget-heading\" data-id=\"ee9da24\" data-element_type=\"widget\" data-e-type=\"widget\" data-widget_type=\"heading.default\">\n\t\t\t\t<div class=\"elementor-widget-container\">\n\t\t\t\t\t<h1 class=\"elementor-heading-title elementor-size-large\">Sustainability<\/h1>\t\t\t\t<\/div>\n\t\t\t\t<\/div>\n\t\t\t\t\t<\/div>\n\t\t<\/div>\n\t\t\t\t<div class=\"elementor-column elementor-col-50 elementor-top-column elementor-element elementor-element-5466dd12\" data-id=\"5466dd12\" data-element_type=\"column\" data-e-type=\"column\">\n\t\t\t<div class=\"elementor-widget-wrap elementor-element-populated\">\n\t\t\t\t\t\t<div class=\"elementor-element elementor-element-2e95d6ee elementor-widget elementor-widget-text-editor\" data-id=\"2e95d6ee\" data-element_type=\"widget\" data-e-type=\"widget\" data-widget_type=\"text-editor.default\">\n\t\t\t\t<div class=\"elementor-widget-container\">\n\t\t\t\t\t\t\t\t\t<p><strong>Be-Ge Lackering AB<\/strong> works purposefully and long term towards environmental work that aims to reduce environmental impact by minimizing emissons etc. A sustainable approach regarding the environment and the work environment is also implemented in the company\u2019s operations.<\/p>\t\t\t\t\t\t\t\t<\/div>\n\t\t\t\t<\/div>\n\t\t\t\t\t<\/div>\n\t\t<\/div>\n\t\t\t\t\t<\/div>\n\t\t<\/section>\n\t\t\t\t<section class=\"elementor-section elementor-top-section elementor-element elementor-element-240fd6ca elementor-section-full_width elementor-section-height-min-height elementor-section-height-default elementor-section-items-middle\" data-id=\"240fd6ca\" data-element_type=\"section\" data-e-type=\"section\" data-settings=\"{&quot;background_background&quot;:&quot;classic&quot;}\">\n\t\t\t\t\t\t\t<div class=\"elementor-background-overlay\"><\/div>\n\t\t\t\t\t\t\t<div class=\"elementor-container elementor-column-gap-default\">\n\t\t\t\t\t<div class=\"elementor-column elementor-col-100 elementor-top-column elementor-element elementor-element-4f449006\" data-id=\"4f449006\" data-element_type=\"column\" data-e-type=\"column\">\n\t\t\t<div class=\"elementor-widget-wrap elementor-element-populated\">\n\t\t\t\t\t\t<section class=\"elementor-section elementor-inner-section elementor-element elementor-element-2a5d4bbb elementor-section-boxed elementor-section-height-default elementor-section-height-default\" data-id=\"2a5d4bbb\" data-element_type=\"section\" data-e-type=\"section\">\n\t\t\t\t\t\t<div class=\"elementor-container elementor-column-gap-default\">\n\t\t\t\t\t<div class=\"elementor-column elementor-col-100 elementor-inner-column elementor-element elementor-element-6e5961d9\" data-id=\"6e5961d9\" data-element_type=\"column\" data-e-type=\"column\">\n\t\t\t<div class=\"elementor-widget-wrap elementor-element-populated\">\n\t\t\t\t\t\t\t<\/div>\n\t\t<\/div>\n\t\t\t\t\t<\/div>\n\t\t<\/section>\n\t\t\t\t\t<\/div>\n\t\t<\/div>\n\t\t\t\t\t<\/div>\n\t\t<\/section>\n\t\t\t\t<section class=\"elementor-section elementor-top-section elementor-element elementor-element-6e0d607a elementor-section-boxed elementor-section-height-default elementor-section-height-default\" data-id=\"6e0d607a\" data-element_type=\"section\" data-e-type=\"section\" data-settings=\"{&quot;background_background&quot;:&quot;classic&quot;}\">\n\t\t\t\t\t\t\t<div class=\"elementor-background-overlay\"><\/div>\n\t\t\t\t\t\t\t<div class=\"elementor-container elementor-column-gap-default\">\n\t\t\t\t\t<div class=\"elementor-column elementor-col-100 elementor-top-column elementor-element elementor-element-51cde870\" data-id=\"51cde870\" data-element_type=\"column\" data-e-type=\"column\" data-settings=\"{&quot;background_background&quot;:&quot;classic&quot;}\">\n\t\t\t<div class=\"elementor-widget-wrap elementor-element-populated\">\n\t\t\t\t\t\t<div class=\"elementor-element elementor-element-1a77623c elementor-widget elementor-widget-heading\" data-id=\"1a77623c\" data-element_type=\"widget\" data-e-type=\"widget\" data-widget_type=\"heading.default\">\n\t\t\t\t<div class=\"elementor-widget-container\">\n\t\t\t\t\t<h2 class=\"elementor-heading-title elementor-size-large\">Minimizing of waste<\/h2>\t\t\t\t<\/div>\n\t\t\t\t<\/div>\n\t\t\t\t<div class=\"elementor-element elementor-element-3fa3359 elementor-widget elementor-widget-text-editor\" data-id=\"3fa3359\" data-element_type=\"widget\" data-e-type=\"widget\" data-widget_type=\"text-editor.default\">\n\t\t\t\t<div class=\"elementor-widget-container\">\n\t\t\t\t\t\t\t\t\t<p>The Automotive Painting has invested in the paint mixing machine Moonwalk. Its mixing technic is both time efficient and enhances the quality. During the mixing process, the paint reaches optimal temperature and has an ultra-precision of the vehicle\u2019s color code. The design of the paint cans results in minimal spillage which allows us to use the entire can and work from a sustainable perspective.<br \/>In order to further reduce our impact on the environment, the Automotive Painting uses a technic where the plastic details are being repaired and restored to there original condition. By using and repairing the plastic parts that are possible to restore, we minimize our waste of materials.\u00a0 \u00a0<\/p>\t\t\t\t\t\t\t\t<\/div>\n\t\t\t\t<\/div>\n\t\t\t\t<section class=\"elementor-section elementor-inner-section elementor-element elementor-element-22309c8 elementor-section-boxed elementor-section-height-default elementor-section-height-default\" data-id=\"22309c8\" data-element_type=\"section\" data-e-type=\"section\">\n\t\t\t\t\t\t<div class=\"elementor-container elementor-column-gap-default\">\n\t\t\t\t\t<div class=\"elementor-column elementor-col-50 elementor-inner-column elementor-element elementor-element-aff1967\" data-id=\"aff1967\" data-element_type=\"column\" data-e-type=\"column\">\n\t\t\t<div class=\"elementor-widget-wrap elementor-element-populated\">\n\t\t\t\t\t\t<div class=\"elementor-element elementor-element-54ec987 elementor-widget elementor-widget-image\" data-id=\"54ec987\" data-element_type=\"widget\" data-e-type=\"widget\" data-widget_type=\"image.default\">\n\t\t\t\t<div class=\"elementor-widget-container\">\n\t\t\t\t\t\t\t\t\t\t\t\t\t\t\t<img fetchpriority=\"high\" decoding=\"async\" width=\"800\" height=\"534\" src=\"https:\/\/lack.be-ge.se\/wp-content\/uploads\/2024\/02\/DSC_0220__.webp\" class=\"attachment-large size-large wp-image-14019\" alt=\"F\u00e4rgblandningsmaskin Moonwalk\" srcset=\"https:\/\/lack.be-ge.se\/wp-content\/uploads\/2024\/02\/DSC_0220__.webp 1000w, https:\/\/lack.be-ge.se\/wp-content\/uploads\/2024\/02\/DSC_0220__-300x200.webp 300w, https:\/\/lack.be-ge.se\/wp-content\/uploads\/2024\/02\/DSC_0220__-768x512.webp 768w, https:\/\/lack.be-ge.se\/wp-content\/uploads\/2024\/02\/DSC_0220__-18x12.webp 18w\" sizes=\"(max-width: 800px) 100vw, 800px\" \/>\t\t\t\t\t\t\t\t\t\t\t\t\t\t\t<\/div>\n\t\t\t\t<\/div>\n\t\t\t\t\t<\/div>\n\t\t<\/div>\n\t\t\t\t<div class=\"elementor-column elementor-col-50 elementor-inner-column elementor-element elementor-element-23a071e\" data-id=\"23a071e\" data-element_type=\"column\" data-e-type=\"column\">\n\t\t\t<div class=\"elementor-widget-wrap elementor-element-populated\">\n\t\t\t\t\t\t<div class=\"elementor-element elementor-element-539b918 elementor-widget elementor-widget-image\" data-id=\"539b918\" data-element_type=\"widget\" data-e-type=\"widget\" data-widget_type=\"image.default\">\n\t\t\t\t<div class=\"elementor-widget-container\">\n\t\t\t\t\t\t\t\t\t\t\t\t\t\t\t<img decoding=\"async\" width=\"800\" height=\"533\" src=\"https:\/\/lack.be-ge.se\/wp-content\/uploads\/2024\/02\/DSC_0106__-1024x682.webp\" class=\"attachment-large size-large wp-image-14021\" alt=\"De f\u00e4rger som anv\u00e4nds \u00e4r av typen vattensp\u00e4dbar baslack och vanligen enligt kundens specifikation.\" srcset=\"https:\/\/lack.be-ge.se\/wp-content\/uploads\/2024\/02\/DSC_0106__-1024x682.webp 1024w, https:\/\/lack.be-ge.se\/wp-content\/uploads\/2024\/02\/DSC_0106__-300x200.webp 300w, https:\/\/lack.be-ge.se\/wp-content\/uploads\/2024\/02\/DSC_0106__-768x512.webp 768w, https:\/\/lack.be-ge.se\/wp-content\/uploads\/2024\/02\/DSC_0106__-1536x1024.webp 1536w, https:\/\/lack.be-ge.se\/wp-content\/uploads\/2024\/02\/DSC_0106__-18x12.webp 18w, https:\/\/lack.be-ge.se\/wp-content\/uploads\/2024\/02\/DSC_0106__.webp 2000w\" sizes=\"(max-width: 800px) 100vw, 800px\" \/>\t\t\t\t\t\t\t\t\t\t\t\t\t\t\t<\/div>\n\t\t\t\t<\/div>\n\t\t\t\t\t<\/div>\n\t\t<\/div>\n\t\t\t\t\t<\/div>\n\t\t<\/section>\n\t\t\t\t\t<\/div>\n\t\t<\/div>\n\t\t\t\t\t<\/div>\n\t\t<\/section>\n\t\t\t\t<section class=\"elementor-section elementor-top-section elementor-element elementor-element-7cb0902a elementor-section-boxed elementor-section-height-default elementor-section-height-default\" data-id=\"7cb0902a\" data-element_type=\"section\" data-e-type=\"section\" data-settings=\"{&quot;background_background&quot;:&quot;classic&quot;}\">\n\t\t\t\t\t\t<div class=\"elementor-container elementor-column-gap-wider\">\n\t\t\t\t\t<div class=\"elementor-column elementor-col-50 elementor-top-column elementor-element elementor-element-4f800eb\" data-id=\"4f800eb\" data-element_type=\"column\" data-e-type=\"column\">\n\t\t\t<div class=\"elementor-widget-wrap elementor-element-populated\">\n\t\t\t\t\t\t<div class=\"elementor-element elementor-element-4327235 elementor-widget elementor-widget-image\" data-id=\"4327235\" data-element_type=\"widget\" data-e-type=\"widget\" data-widget_type=\"image.default\">\n\t\t\t\t<div class=\"elementor-widget-container\">\n\t\t\t\t\t\t\t\t\t\t\t\t\t\t\t<img decoding=\"async\" width=\"800\" height=\"534\" src=\"https:\/\/lack.be-ge.se\/wp-content\/uploads\/2024\/02\/DSC_0384_-1.webp\" class=\"attachment-large size-large wp-image-14022\" alt=\"Be-Ge Lackering AB. Industrilackering Oskarshamn Kalmar l\u00e4n\" srcset=\"https:\/\/lack.be-ge.se\/wp-content\/uploads\/2024\/02\/DSC_0384_-1.webp 1000w, https:\/\/lack.be-ge.se\/wp-content\/uploads\/2024\/02\/DSC_0384_-1-300x200.webp 300w, https:\/\/lack.be-ge.se\/wp-content\/uploads\/2024\/02\/DSC_0384_-1-768x512.webp 768w, https:\/\/lack.be-ge.se\/wp-content\/uploads\/2024\/02\/DSC_0384_-1-18x12.webp 18w\" sizes=\"(max-width: 800px) 100vw, 800px\" \/>\t\t\t\t\t\t\t\t\t\t\t\t\t\t\t<\/div>\n\t\t\t\t<\/div>\n\t\t\t\t\t<\/div>\n\t\t<\/div>\n\t\t\t\t<div class=\"elementor-column elementor-col-50 elementor-top-column elementor-element elementor-element-53e850f\" data-id=\"53e850f\" data-element_type=\"column\" data-e-type=\"column\" data-settings=\"{&quot;background_background&quot;:&quot;classic&quot;}\">\n\t\t\t<div class=\"elementor-widget-wrap elementor-element-populated\">\n\t\t\t\t\t\t<div class=\"elementor-element elementor-element-94a1c93 elementor-widget elementor-widget-heading\" data-id=\"94a1c93\" data-element_type=\"widget\" data-e-type=\"widget\" data-widget_type=\"heading.default\">\n\t\t\t\t<div class=\"elementor-widget-container\">\n\t\t\t\t\t<h2 class=\"elementor-heading-title elementor-size-large\">Energy efficient heat recycling<\/h2>\t\t\t\t<\/div>\n\t\t\t\t<\/div>\n\t\t\t\t<div class=\"elementor-element elementor-element-916030a elementor-widget elementor-widget-text-editor\" data-id=\"916030a\" data-element_type=\"widget\" data-e-type=\"widget\" data-widget_type=\"text-editor.default\">\n\t\t\t\t<div class=\"elementor-widget-container\">\n\t\t\t\t\t\t\t\t\t<p>The Industrial painting has an advanced ventilation system installed which provides the facility with heat in a sustainable way. The basement is heated with excess heat from the air pressure compressors, meanwhile the remaining rooms are heated with recycled heat from the drying ovens. If the recycled heat would not be sufficient in the facility, additional heat is provided by the district heating system.<\/p>\t\t\t\t\t\t\t\t<\/div>\n\t\t\t\t<\/div>\n\t\t\t\t\t<\/div>\n\t\t<\/div>\n\t\t\t\t\t<\/div>\n\t\t<\/section>\n\t\t\t\t<\/div>","protected":false},"excerpt":{"rendered":"<p>H\u00e5llbarhet Be-Ge Lackering AB arbetar m\u00e5lmedvetet och l\u00e5ngsiktigt med milj\u00f6arbete som \u00e4mnar till att minska belastningen p\u00e5 milj\u00f6n genom bl.a minimering av utsl\u00e4pp. Ett h\u00e5llbarhetst\u00e4nk ang\u00e5ende b\u00e5de milj\u00f6 och arbetsmilj\u00f6 \u00e4r ocks\u00e5 implementerat i f\u00f6retagets verksamheter. Minimering av svinn Billackeringen har investerat i f\u00e4rgblandningsmaskinen Moonwalk vars blandningsteknik \u00e4r b\u00e5de tidseffektiv och kvalitetsst\u00e4rkande. Vid framtagning av [&hellip;]<\/p>\n","protected":false},"author":15,"featured_media":0,"parent":0,"menu_order":0,"comment_status":"closed","ping_status":"closed","template":"","meta":{"_acf_changed":false,"footnotes":""},"class_list":["post-12843","page","type-page","status-publish","hentry"],"acf":[],"_links":{"self":[{"href":"https:\/\/lack.be-ge.se\/en\/wp-json\/wp\/v2\/pages\/12843","targetHints":{"allow":["GET"]}}],"collection":[{"href":"https:\/\/lack.be-ge.se\/en\/wp-json\/wp\/v2\/pages"}],"about":[{"href":"https:\/\/lack.be-ge.se\/en\/wp-json\/wp\/v2\/types\/page"}],"author":[{"embeddable":true,"href":"https:\/\/lack.be-ge.se\/en\/wp-json\/wp\/v2\/users\/15"}],"replies":[{"embeddable":true,"href":"https:\/\/lack.be-ge.se\/en\/wp-json\/wp\/v2\/comments?post=12843"}],"version-history":[{"count":0,"href":"https:\/\/lack.be-ge.se\/en\/wp-json\/wp\/v2\/pages\/12843\/revisions"}],"wp:attachment":[{"href":"https:\/\/lack.be-ge.se\/en\/wp-json\/wp\/v2\/media?parent=12843"}],"curies":[{"name":"wp","href":"https:\/\/api.w.org\/{rel}","templated":true}]}}